{"id":301,"date":"2020-03-23T07:44:28","date_gmt":"2020-03-23T06:44:28","guid":{"rendered":"http:\/\/schuetzenverein-pegau.de\/?page_id=301"},"modified":"2020-10-31T16:38:13","modified_gmt":"2020-10-31T15:38:13","slug":"satzung-des-allgemeinen-schuetzenverein-zu-pegau-1444-1990-e-v","status":"publish","type":"page","link":"https:\/\/schuetzenverein-pegau.de\/?page_id=301","title":{"rendered":"Satzung"},"content":{"rendered":"<p><\/p>\n<p><strong>Satzung des<\/strong><\/p>\n<p><strong>Allgemeinen Sch\u00fctzenverein zu Pegau 1444\/1990 e.V.<\/strong><\/p>\n<p>\u00a0<\/p>\n<p><strong>\u00a71<\/strong><\/p>\n<p><\/p>\n<p><\/p>\n<p><strong>Name, Sitz und Gesch\u00e4ftsjahr<\/strong><\/p>\n<p><\/p>\n<p><\/p>\n<p><\/p>\n<p><\/p>\n<p>Der Verein f\u00fchrt den Namen Allgemeiner Sch\u00fctzenverein zu Pegau 1444\/1990 e.V. und hat seinen Sitz in Pegau.<\/p>\n<p><\/p>\n<p><\/p>\n<ul class=\"wp-block-list\">\n<li>der Verein ist im Vereinsregister eingetragen, das Gesch\u00e4ftsjahr entspricht dem Kalenderjahr;<\/li>\n<\/ul>\n<p><\/p>\n<p><\/p>\n<ul class=\"wp-block-list\">\n<li>der Verein verfolgt ausschlie\u00dflich und unmittelbar gemeinn\u00fctzige Zwecke im Sinne des Abschnitts &#8222;Steuerbeg\u00fcnstigte Zwecke&#8220; der Abgabenordnung;<\/li>\n<\/ul>\n<p><\/p>\n<p><\/p>\n<ul class=\"wp-block-list\">\n<li>der Verein ist selbstlos t\u00e4tig, er verfolgt nicht in erster Linie eigenwirtschaftliche \u00a0Zwecke;<\/li>\n<\/ul>\n<p><\/p>\n<p><\/p>\n<ul class=\"wp-block-list\">\n<li>Mittel des Vereins d\u00fcrfen nur f\u00fcr die satzungsgem\u00e4\u00dfen Zwecke verwendet werden, die Mitglieder erhalten keine Zuwendungen aus Mitteln des Vereins;<\/li>\n<\/ul>\n<p><\/p>\n<p><\/p>\n<ul class=\"wp-block-list\">\n<li>es darf keine Person durch Ausgaben, die den Zweck der K\u00f6rperschaft fremd oder durch unverh\u00e4ltnism\u00e4\u00dfig hohe Verg\u00fctungen beg\u00fcnstigt werden;<\/li>\n<\/ul>\n<p><\/p>\n<p><\/p>\n<p><strong>\u00a7 2<\/strong><\/p>\n<p><\/p>\n<p><\/p>\n<p><strong>Z<\/strong><strong>weck<\/strong><\/p>\n<p><\/p>\n<p><\/p>\n<p><\/p>\n<p><\/p>\n<p>Zweck des Sch\u00fctzenvereins ist die Pflege und F\u00f6rderung des Schie\u00dfsportes sowie des Wettkampf- und Breitensportes in anderen<br \/>Disziplinen des Sportschie\u00dfens;<\/p>\n<p><\/p>\n<p><\/p>\n<ul class=\"wp-block-list\">\n<li>die Durchf\u00fchrung von Wettk\u00e4mpfen und Meisterschaften auf der Grundlage einheitlicher Regeln (Sportordnung des DSB, Landessportprogramm);<\/li>\n<\/ul>\n<p><\/p>\n<p><\/p>\n<ul class=\"wp-block-list\">\n<li>die sachverst\u00e4ndige Aus- und Weiterbildung auf schie\u00dfsportlichen Gebiet;<\/li>\n<\/ul>\n<p><\/p>\n<p><\/p>\n<ul class=\"wp-block-list\">\n<li>die F\u00f6rderung sportlicher Talente im Verein;<\/li>\n<\/ul>\n<p><\/p>\n<p><\/p>\n<ul class=\"wp-block-list\">\n<li>die Jugendpflege zur F\u00f6rderung des schie\u00dfsportlichen Nachwuchses;<\/li>\n<\/ul>\n<p><\/p>\n<p><\/p>\n<ul class=\"wp-block-list\">\n<li>die Wahrung und Pflege des Sch\u00fctzenbrauchtums der deutschen und s\u00e4chsischen Sch\u00fctzentraditionen sowie dessen kulturelle Pr\u00e4sentation in der \u00d6ffentlichkeit;<\/li>\n<\/ul>\n<p><\/p>\n<p><\/p>\n<p><strong>\u00a73<\/strong><\/p>\n<p><\/p>\n<p><\/p>\n<p><strong>Mitgliedschaft<\/strong><\/p>\n<p><\/p>\n<p><\/p>\n<p><\/p>\n<p><\/p>\n<p>Mitglieder des Sch\u00fctzenvereins k\u00f6nnen alle in Pegau wohnende oder aus Pegau stammende Personen sein, alle Ausw\u00e4rtigen, die mit Pegau eine enge Verbindung pflegen und das 18.Lebensjahr vollendet\u00a0haben.<\/p>\n<p><\/p>\n<p><\/p>\n<p>Weibliche und m\u00e4nnliche Personen bis zum vollendeten 18. Lebensjahr k\u00f6nnen als Jungsch\u00fctzen in den Sch\u00fctzenverein aufgenommen\u00a0 werden.<\/p>\n<p><\/p>\n<p><\/p>\n<p>Ehrenmitglieder und Ehrenvorstandsmitglieder k\u00f6nnen auf Vorschlag<br \/>des Vorstandes von der Generalversammlung ernannt werden.<\/p>\n<p><\/p>\n<p><\/p>\n<p>Die Ehrenmitgliedschaft und die Ehrenvorstandsmitgliedschaft k\u00f6nnen Personen erlangen, die sich f\u00fcr den Sch\u00fctzenverein besonders verdient gemacht haben.<\/p>\n<p><\/p>\n<p><\/p>\n<p>Der Antrag zur Aufnahme als Mitglied ist schriftlich an den Vorstand<br \/>zu richten.<\/p>\n<p><\/p>\n<p><\/p>\n<p>Die Aufnahme erfolgt durch Beschluss der Mitgliederversammlung.<\/p>\n<p><\/p>\n<p><\/p>\n<p>Die Mitgliedschaft beginnt mit dem Tag des Aufnahmebeschlusses.<\/p>\n<p>\u00a0<\/p>\n<p><\/p>\n<p><\/p>\n<p><strong>\u00a7 4<\/strong><\/p>\n<p><\/p>\n<p><\/p>\n<p><strong>Beendigung der Mitgliedschaft<\/strong><\/p>\n<p><\/p>\n<p><\/p>\n<p><\/p>\n<p><\/p>\n<p>Die Mitgliedschaft erlischt:<\/p>\n<p><\/p>\n<p><\/p>\n<ul class=\"wp-block-list\">\n<li>durch Tod des Mitgliedes<\/li>\n<li>durch f\u00f6rmlichen Ausschluss<\/li>\n<li>durch Austritt<\/li>\n<\/ul>\n<p><\/p>\n<p><\/p>\n<p>Die Austrittserkl\u00e4rung ist schriftlich an den Vorstand zu richten. Die Mitgliedschaft endet dann am 31.Dezember des laufenden Jahres.<\/p>\n<p><\/p>\n<p><\/p>\n<p>Das Mitglied kann jederzeit vom Verein ausgeschlossen werden, wenn es<\/p>\n<p><\/p>\n<p><\/p>\n<p class=\"is-layout-flow wp-block-group-is-layout-flow\"><\/p>\n<ul class=\"wp-block-list\">\n<li>\n<p>mit der Zahlung des Beitrages l\u00e4nger als 2 Monate nach schriftlicher Erinnerung im R\u00fcckstand bleibt. <i>(Beitr\u00e4ge sind bis 31.M\u00e4rz des jeweiligen Jahres f\u00fcr das lfd. Jahr zu entrichten)<\/i><\/p>\n<\/li>\n<\/ul>\n<p><\/p>\n<p><\/p>\n<ul class=\"wp-block-list\">\n<li>durch sein Verhalten den Verein sch\u00e4digt oder zu sch\u00e4digen versucht.<\/li>\n<li>seinen Verpflichtungen gegen\u00fcber den Verein nicht nachkommt.<\/li>\n<\/ul>\n<p><\/p>\n<p><\/p>\n<p><\/p>\n<p>\u00dcber den Ausschluss entscheidet die Mitgliederversammlung mit einfacher Mehrheit. Der Betroffene hat gegen\u00fcber dem Austrittsbeschluss der Mitgliederversammlung die M\u00f6glichkeit des Einspruchs.<\/p>\n<p><\/p>\n<p><\/p>\n<p>\u00dcber den Einspruch eines ausgeschlossenen Mitgliedes entscheidet endg\u00fcltig die darauffolgende Generalversammlung. Jeder, der aus dem Verein ausgeschieden oder ausgeschlossen ist, verliert jegliches Anrecht auf ein etwaiges Vereinsverm\u00f6gen.<\/p>\n<p>\u00a0<\/p>\n<p><\/p>\n<p><\/p>\n<p><strong>\u00a7 5<\/strong><\/p>\n<p><\/p>\n<p><\/p>\n<p><strong>Mitgliedsbeitrag<\/strong><\/p>\n<p><\/p>\n<p><\/p>\n<p>Jedes Mitglied hat einen Jahresbeitrag zu entrichten, dessen H\u00f6he jeweils von der Generalversammlung festgelegt wird.<\/p>\n<p><\/p>\n<p><\/p>\n<p>Die Geb\u00fchrenordnung wird von der Generalversammlung festgelegt.<\/p>\n<p><\/p>\n<p><\/p>\n<p>Ehrenmitglieder sind von der Beitragspflicht befreit.<\/p>\n<p>\u00a0<\/p>\n<p><\/p>\n<p><\/p>\n<p><strong>\u00a7 6<\/strong><\/p>\n<p><\/p>\n<p><\/p>\n<p><strong>Mitgliederversammlungen<\/strong><\/p>\n<p><\/p>\n<p><\/p>\n<p><\/p>\n<p><\/p>\n<p>Die Zusammenk\u00fcnfte der Mitglieder des Sch\u00fctzenvereins werden in Mitglieder\u00ad Versammlungen, au\u00dferordentlichen Mitgliederversammlungen und der Generalversammlung \u00a0durchgef\u00fchrt.<\/p>\n<p><\/p>\n<p><\/p>\n<p class=\"is-layout-flow wp-block-group-is-layout-flow\"><\/p>\n<p class=\"is-layout-flow wp-block-group-is-layout-flow\"><\/p>\n<ul>\n<li>die Mitgliederversammlungen finden monatlich statt.<\/li>\n<\/ul>\n<p><\/p>\n<p><\/p>\n<ul class=\"wp-block-list\">\n<li>die au\u00dferordentliche Mitgliederversammlung kann auf Beschluss des Vorstandes einberufen werden oder wenn 1\/3 der stimmberechtigten Mitglieder unter Angabe der Gr\u00fcnde die Einberufung schriftlich beim Vorstand fordern.<\/li>\n<\/ul>\n<p><\/p>\n<p><\/p>\n<p><\/p>\n<p><\/p>\n<p>Der Vorstand wird die Durchf\u00fchrung der au\u00dferordentlichen Mitgliederversammlung in der n\u00e4chsten Mitgliederversammlung zur Beschlussfassung vorlegen.<\/p>\n<p><\/p>\n<p><\/p>\n<ul class=\"wp-block-list\">\n<li>bis Monat April des Folgejahres erfolgt eine Generalversammlung, der Termin der Generalversammlung ist jeweils im Monat Januar\u00a0des laufenden Jahres bekannt zu geben.<\/li>\n<\/ul>\n<p><\/p>\n<p><\/p>\n<ul class=\"wp-block-list\">\n<li>Grunds\u00e4tzlich ist jede Mitglieder- und Generalversammlung beschlussf\u00e4hig. Die Beschl\u00fcsse werden mit einfacher Mehrheit<br \/>gefasst. Satzungs\u00e4nderungen sind nur mit 3\/4\u00a0 Mehrheit der anwesenden Mitglieder in der Generalversammlung\u00a0m\u00f6glich. Stimmberechtigt sind in der Generalversammlung<br \/>alle Mitglieder \u00fcber 18 Jahre.<\/li>\n<\/ul>\n<p><\/p>\n<p><\/p>\n<p>Jedes Mitglied ist zur Teilnahme an der Generalversammlung verpflichtet.<\/p>\n<p><\/p>\n<p><\/p>\n<p>Hinderungsgr\u00fcnde sind schriftlich anzumelden.<\/p>\n<p><\/p>\n<p><\/p>\n<p>Der Beschlussfassung durch die Generalversammlung unterliegen:<\/p>\n<p><\/p>\n<p><\/p>\n<ul class=\"wp-block-list\">\n<li>die Genehmigung des Jahres- und Kassenberichtes,<\/li>\n<li>die Ernennung von Ehrenmitglieder,<\/li>\n<li>die Wahl der anstehenden Vorstandsmitglieder und Entlastung des alten Vorstandes und des Zahlmeisters,<\/li>\n<li>die Festsetzung des Jahresbeitrages,<\/li>\n<li>Vorschl\u00e4ge und Anregungen f\u00fcr die Gestaltung des Vereinslebens und der Feste,<\/li>\n<li>alle Vertr\u00e4ge bzw. Gesch\u00e4ftsabschl\u00fcsse, die nicht der Dringlichkeit bed\u00fcrfen,<\/li>\n<li>Wahl von zwei Mitgliedern als Kassenpr\u00fcfer, sowie ein Vertreter<\/li>\n<\/ul>\n<p><strong>\u00a77<\/strong><\/p>\n<p><strong>Vorstand<\/strong><\/p>\n<p>Die F\u00fchrung des Vereins obliegt dem Vorstand. Der Vorstand besteht aus:<\/p>\n<ul>\n<li>Kommandant<\/li>\n<li>Major (Stellv. Kommandant)<\/li>\n<li>Zahlmeister<\/li>\n<li>Schie\u00dfmeister<\/li>\n<li>Hauptmann<\/li>\n<li>Schriftf\u00fchrer<\/li>\n<li>Jugendwart<\/li>\n<\/ul>\n<p>Der erweiterte Vorstand besteht aus den jeweiligen Leitern der Arbeitsgruppen. Zu erweiterten Vorstandssitzungen werden die Leiter der Arbeitsgruppen einberufen.<\/p>\n<p>Die Vorstandssitzungen werden jeweils vor den Mitgliederversammlungen durchgef\u00fchrt.<\/p>\n<p>Die Sitzungen leitet der Kommandant oder sein Vertreter (Major.) Beschl\u00fcsse werden mit einfacher Mehrheit gefasst.<\/p>\n<p>Bei Stimmengleichheit gilt der, Antrag als angenommen, f\u00fcr den der Kommandant gestimmt hat.<\/p>\n<p>Scheidet ein Vorstandsmitglied vor Ablauf seiner Amtszeit aus dem Vorstand aus, so bestimmt der Vorstand aus seiner Mitte ein Mitglied, welches das Amt des ausgeschiedenen Vorstandsmitgliedes bis zur n\u00e4chsten Generalversammlung kommissarisch \u00a0\u00fcbernimmt.<\/p>\n<p>Gesch\u00e4ftsf\u00fchrender Vorstand im Sinne des BGB ist der<\/p>\n<ul>\n<li>Kommandant<\/li>\n<li>Major (Stellv. Kommandanten)<\/li>\n<li>Zahlmeister<\/li>\n<\/ul>\n<p>Zeichnungsberechtigt im Zahlungsverkehr ist nur der Zahlmeister in Verbindung mit einem weiteren Mitglied des gesch\u00e4ftsf\u00fchrenden Vorstandes.<\/p>\n<p>\u00a0<\/p>\n<p><strong>\u00a78<\/strong><\/p>\n<p><strong>Wahlen<\/strong><\/p>\n<p>Jedes Vorstandsmitglied wird durch die Generalversammlung f\u00fcr die Dauer von 4 Jahren gew\u00e4hlt.<\/p>\n<p>Dabei werden der<\/p>\n<ul>\n<li>Kommandant<\/li>\n<li>Schie\u00dfmeister<\/li>\n<li>Schriftf\u00fchrer<\/li>\n<li>Jugendwart und\u00a0<\/li>\n<li>Major<\/li>\n<li>Zahlmeister<\/li>\n<li>Hauptmann<\/li>\n<\/ul>\n<p>jeweils um 2 Jahre versetzt gew\u00e4hlt. Wiederwahl ist grunds\u00e4tzlich m\u00f6glich. Gew\u00e4hlt ist derjenige Kandidat, der die meisten Stimmen auf sich vereinigt.<\/p>\n<p>Die Wahlen erfolgen durch Handzeichen.<\/p>\n<p>\u00a0<\/p>\n<p><strong>\u00a79<\/strong><\/p>\n<p><strong>Abstimmung<\/strong><\/p>\n<p>In der Mitglieder -und Generalversammlung hat jedes stimmberechtigte Mitglied nur\u00a0eine Stimme.<\/p>\n<p>\u00dcber den Ablauf der Mitglieder- und Generalversammlung wird vom Schriftf\u00fchrer ein Protokoll angefertigt.<\/p>\n<p>Das Protokoll der Generalversammlung ist vom gesch\u00e4ftsf\u00fchrenden Vorstand nach der Versammlung zu unterzeichnen. Das Protokoll wird in der n\u00e4chsten Mitgliederversammlung verlesen. Erfolgt in dieser Versammlung kein Einspruch, so gilt es als genehmigt und wird ausgehangen.<\/p>\n<p>\u00a0<\/p>\n<p><strong>\u00a710<\/strong><\/p>\n<p><strong>Sch\u00fctzenk\u00f6nig des Vereins<\/strong><\/p>\n<ul>\n<li>K\u00f6nigsschie\u00dfen findet j\u00e4hrlich zum Sch\u00fctzenfest auf dem Sch\u00fctzenplatz<\/li>\n<li>Geschossen wird an der Schie\u00dfanlage auf dem Sch\u00fctzenplatz.<\/li>\n<li>Sch\u00fctzenk\u00f6nig wird, wer den Vogel vollst\u00e4ndig abschie\u00dft.<\/li>\n<li>Geschossen wird mit Schrotflinte<\/li>\n<li>Krone -Zepter -Reichsapfel wird mit KK geschossen<\/li>\n<li>Es wird ein Jungsch\u00fctzenk\u00f6nig ermittelt<\/li>\n<li>Zum Sch\u00fctzenfest findet ein B\u00f6llerschie\u00dfen statt.<\/li>\n<li>Die Waffen f\u00fcr das K\u00f6nigsschie\u00dfen werden vom Sch\u00fctzenverein gestellt, jeder K\u00f6nigsbewerber hat mit der gleichen vom Verein gestellten Waffe zu schie\u00dfen.<\/li>\n<\/ul>\n<p><strong>\u00a711<\/strong><\/p>\n<p><strong>Aufl\u00f6sung des Vereins<\/strong><\/p>\n<p>Die Aufl\u00f6sung des Sch\u00fctzenvereins erfolgt durch:<\/p>\n<ul>\n<li>Beschluss der Generalversammlung mit 3 \/<em>\u00a0<\/em>4 Stimmenmehrheit der stimmberechtigten Mitglieder<\/li>\n<\/ul>\n<p>oder<\/p>\n<ul>\n<li>wenn die Zahl der Mitglieder des Sch\u00fctzenvereins weniger als sieben Mitglieder betr\u00e4gt.<\/li>\n<\/ul>\n<p>Bei Aufl\u00f6sung des Vereins oder bei Wegfall steuerbeg\u00fcnstigter Zwecke f\u00e4llt das Verm\u00f6gen des Vereins an die Stadtverwaltung Pegau\/die es unmittelbar und ausschlie\u00dflich f\u00fcr gemeinn\u00fctzige Zwecke zu verwenden hat.<\/p>\n<p>\u00a0<\/p>\n<p><strong>\u00a712<\/strong><\/p>\n<p><strong>Erm\u00e4chtigung<\/strong><\/p>\n<p>Der Gesch\u00e4ftsf\u00fchrende Vorstand erh\u00e4lt die unwiderrufliche Erm\u00e4chtigung, alle in Verbindung mit dem Eintrag ins Vereinsregister infolge etwaiger beh\u00f6rdlicher Zwischenverf\u00fcgungen erforderliche \u00c4nderungen bzw. Erg\u00e4nzungen der Satzung zu beschlie\u00dfen und beim zust\u00e4ndigen Amtsgericht anzumelden.<\/p>\n<p>Vorstehende Satzung ersetzt die Satzung in der Fassung vom 05.April 2001 und alle danach erfolgten \u00c4nderungen und tritt mit Beschlussfassung durch die Generalversammlung sofort in Kraft.<\/p>\n<p>\u00a0<\/p>\n<p>Neufassung laut Beschluss der Generalversammlung am 05.April 2007 und dem Eintrag in das Vereinsregister.<\/p>\n<p>\u00a0<\/p>\n<p>Pegau \u00a0den, 05.April 2007<\/p>\n<p>\u00a0<\/p>\n<p>Rainer Bade<\/p>\n<p>Kommandant<\/p>\n<p><\/p>","protected":false},"excerpt":{"rendered":"<p>Satzung des Allgemeinen Sch\u00fctzenverein zu Pegau 1444\/1990 e.V. \u00a0 \u00a71 Name, Sitz und Gesch\u00e4ftsjahr Der Verein f\u00fchrt den Namen Allgemeiner Sch\u00fctzenverein zu Pegau 1444\/1990 e.V. und hat seinen Sitz in Pegau. der Verein ist im Vereinsregister eingetragen, das Gesch\u00e4ftsjahr entspricht dem Kalenderjahr; der Verein verfolgt ausschlie\u00dflich und unmittelbar gemeinn\u00fctzige Zwecke im Sinne des Abschnitts &#8222;Steuerbeg\u00fcnstigte &hellip; <\/p>\n<p class=\"link-more\"><a href=\"https:\/\/schuetzenverein-pegau.de\/?page_id=301\" class=\"more-link\"><span class=\"screen-reader-text\">\u201eSatzung\u201c <\/span>weiterlesen<\/a><\/p>\n","protected":false},"author":3,"featured_media":0,"parent":0,"menu_order":0,"comment_status":"closed","ping_status":"closed","template":"","meta":{"advanced_seo_description":"","jetpack_seo_html_title":"","jetpack_seo_noindex":false,"footnotes":""},"class_list":["post-301","page","type-page","status-publish","hentry"],"jetpack_sharing_enabled":true,"jetpack_likes_enabled":true,"_links":{"self":[{"href":"https:\/\/schuetzenverein-pegau.de\/index.php?rest_route=\/wp\/v2\/pages\/301","targetHints":{"allow":["GET"]}}],"collection":[{"href":"https:\/\/schuetzenverein-pegau.de\/index.php?rest_route=\/wp\/v2\/pages"}],"about":[{"href":"https:\/\/schuetzenverein-pegau.de\/index.php?rest_route=\/wp\/v2\/types\/page"}],"author":[{"embeddable":true,"href":"https:\/\/schuetzenverein-pegau.de\/index.php?rest_route=\/wp\/v2\/users\/3"}],"replies":[{"embeddable":true,"href":"https:\/\/schuetzenverein-pegau.de\/index.php?rest_route=%2Fwp%2Fv2%2Fcomments&post=301"}],"version-history":[{"count":21,"href":"https:\/\/schuetzenverein-pegau.de\/index.php?rest_route=\/wp\/v2\/pages\/301\/revisions"}],"predecessor-version":[{"id":977,"href":"https:\/\/schuetzenverein-pegau.de\/index.php?rest_route=\/wp\/v2\/pages\/301\/revisions\/977"}],"wp:attachment":[{"href":"https:\/\/schuetzenverein-pegau.de\/index.php?rest_route=%2Fwp%2Fv2%2Fmedia&parent=301"}],"curies":[{"name":"wp","href":"https:\/\/api.w.org\/{rel}","templated":true}]}}