{"id":297,"date":"2020-03-20T17:24:32","date_gmt":"2020-03-20T16:24:32","guid":{"rendered":"http:\/\/schuetzenverein-pegau.de\/?page_id=297"},"modified":"2023-05-04T19:48:25","modified_gmt":"2023-05-04T18:48:25","slug":"bilder-aus-unserem-vereinsleben","status":"publish","type":"page","link":"https:\/\/schuetzenverein-pegau.de\/?page_id=297","title":{"rendered":"Bilder aus unserem Vereinsleben"},"content":{"rendered":"\n<p><a href=\"https:\/\/schuetzenverein-pegau.de\/?page_id=293\">Gruppenfoto\u00b4s mit unseren Sch\u00fctzenk\u00f6nig(in)en<\/a><\/p>\n\n\n\n<p><a href=\"https:\/\/schuetzenverein-pegau.de\/?page_id=1274\" data-type=\"URL\" data-id=\"https:\/\/schuetzenverein-pegau.de\/?page_id=1274\">Sch\u00fctzenfest 2022<\/a><\/p>\n\n\n\n<p><a href=\"https:\/\/schuetzenverein-pegau.de\/?page_id=1103\" data-type=\"URL\" data-id=\"https:\/\/schuetzenverein-pegau.de\/?page_id=1103\">Sch\u00fctzenfest 2021<\/a><\/p>\n\n\n\n<p><a href=\"https:\/\/schuetzenverein-pegau.de\/?page_id=853\">Sch\u00fctzenfest 2020<\/a><\/p>\n\n\n\n<p><a href=\"https:\/\/schuetzenverein-pegau.de\/?page_id=349\">Sch\u00fctzenfest 2019<\/a><\/p>\n\n\n\n<p><a href=\"https:\/\/schuetzenverein-pegau.de\/?page_id=388\">Sch\u00fctzenfest 2018<\/a><\/p>\n\n\n\n<p><a href=\"https:\/\/schuetzenverein-pegau.de\/?page_id=565\">Sch\u00fctzenfest 2017<\/a><\/p>\n\n\n\n<p><a href=\"https:\/\/schuetzenverein-pegau.de\/?page_id=614\">Sch\u00fctzenfest 2016<\/a><\/p>\n\n\n\n<p><a href=\"https:\/\/schuetzenverein-pegau.de\/?page_id=650\">Sch\u00fctzenfest 2015<\/a><\/p>\n\n\n\n<p><a href=\"https:\/\/schuetzenverein-pegau.de\/?page_id=693\">Sch\u00fctzenfest 2014<\/a><\/p>\n","protected":false},"excerpt":{"rendered":"<p>Gruppenfoto\u00b4s mit unseren Sch\u00fctzenk\u00f6nig(in)en Sch\u00fctzenfest 2022 Sch\u00fctzenfest 2021 Sch\u00fctzenfest 2020 Sch\u00fctzenfest 2019 Sch\u00fctzenfest 2018 Sch\u00fctzenfest 2017 Sch\u00fctzenfest 2016 Sch\u00fctzenfest 2015 Sch\u00fctzenfest 2014<\/p>\n","protected":false},"author":3,"featured_media":0,"parent":0,"menu_order":0,"comment_status":"closed","ping_status":"closed","template":"","meta":{"advanced_seo_description":"","jetpack_seo_html_title":"","jetpack_seo_noindex":false,"footnotes":""},"class_list":["post-297","page","type-page","status-publish","hentry"],"jetpack_sharing_enabled":true,"jetpack_likes_enabled":true,"_links":{"self":[{"href":"https:\/\/schuetzenverein-pegau.de\/index.php?rest_route=\/wp\/v2\/pages\/297","targetHints":{"allow":["GET"]}}],"collection":[{"href":"https:\/\/schuetzenverein-pegau.de\/index.php?rest_route=\/wp\/v2\/pages"}],"about":[{"href":"https:\/\/schuetzenverein-pegau.de\/index.php?rest_route=\/wp\/v2\/types\/page"}],"author":[{"embeddable":true,"href":"https:\/\/schuetzenverein-pegau.de\/index.php?rest_route=\/wp\/v2\/users\/3"}],"replies":[{"embeddable":true,"href":"https:\/\/schuetzenverein-pegau.de\/index.php?rest_route=%2Fwp%2Fv2%2Fcomments&post=297"}],"version-history":[{"count":9,"href":"https:\/\/schuetzenverein-pegau.de\/index.php?rest_route=\/wp\/v2\/pages\/297\/revisions"}],"predecessor-version":[{"id":1342,"href":"https:\/\/schuetzenverein-pegau.de\/index.php?rest_route=\/wp\/v2\/pages\/297\/revisions\/1342"}],"wp:attachment":[{"href":"https:\/\/schuetzenverein-pegau.de\/index.php?rest_route=%2Fwp%2Fv2%2Fmedia&parent=297"}],"curies":[{"name":"wp","href":"https:\/\/api.w.org\/{rel}","templated":true}]}}