{"id":241,"date":"2020-03-17T21:49:37","date_gmt":"2020-03-17T20:49:37","guid":{"rendered":"http:\/\/schuetzenverein-pegau.de\/?page_id=241"},"modified":"2020-05-20T10:34:23","modified_gmt":"2020-05-20T09:34:23","slug":"vereinsraum","status":"publish","type":"page","link":"https:\/\/schuetzenverein-pegau.de\/?page_id=241","title":{"rendered":"Unser Vereinsraum"},"content":{"rendered":"\n<p>Hier feieren wir unsere diversen Feste wie Neujahrsschie\u00dfen, Fr\u00fchjahrsschie\u00dfen usw. In diesem finden auch unsere monatlichen Versammlungen statt.<\/p>\n\n\n\n<p>Unser Vereinsraum mit seiner wundersch\u00f6nen  Kreuzgew\u00f6lbedecke und seinen schmiedeeisernen Kronleuchtern bietet Platz bis zu 100 Personen.<\/p>\n\n\n\n<figure class=\"wp-block-gallery columns-3 is-cropped wp-block-gallery-1 is-layout-flex wp-block-gallery-is-layout-flex\"><ul class=\"blocks-gallery-grid\"><li class=\"blocks-gallery-item\"><figure><img data-recalc-dims=\"1\" loading=\"lazy\" decoding=\"async\" width=\"266\" height=\"177\" src=\"https:\/\/i0.wp.com\/schuetzenverein-pegau.de\/wp-content\/uploads\/2020\/04\/vereinrklein_1.jpg?resize=266%2C177&#038;ssl=1\" alt=\"\" data-id=\"461\" data-full-url=\"https:\/\/schuetzenverein-pegau.de\/wp-content\/uploads\/2020\/04\/vereinrklein_1.jpg\" data-link=\"https:\/\/schuetzenverein-pegau.de\/?attachment_id=461\" class=\"wp-image-461\"\/><\/figure><\/li><li class=\"blocks-gallery-item\"><figure><img data-recalc-dims=\"1\" loading=\"lazy\" decoding=\"async\" width=\"400\" height=\"267\" src=\"https:\/\/i0.wp.com\/schuetzenverein-pegau.de\/wp-content\/uploads\/2020\/04\/vraum_001.jpg?resize=400%2C267&#038;ssl=1\" alt=\"\" data-id=\"464\" data-full-url=\"https:\/\/schuetzenverein-pegau.de\/wp-content\/uploads\/2020\/04\/vraum_001.jpg\" data-link=\"https:\/\/schuetzenverein-pegau.de\/?attachment_id=464\" class=\"wp-image-464\" srcset=\"https:\/\/i0.wp.com\/schuetzenverein-pegau.de\/wp-content\/uploads\/2020\/04\/vraum_001.jpg?w=400&amp;ssl=1 400w, https:\/\/i0.wp.com\/schuetzenverein-pegau.de\/wp-content\/uploads\/2020\/04\/vraum_001.jpg?resize=300%2C200&amp;ssl=1 300w\" sizes=\"auto, (max-width: 400px) 100vw, 400px\" \/><\/figure><\/li><li class=\"blocks-gallery-item\"><figure><img data-recalc-dims=\"1\" loading=\"lazy\" decoding=\"async\" width=\"400\" height=\"267\" src=\"https:\/\/i0.wp.com\/schuetzenverein-pegau.de\/wp-content\/uploads\/2020\/04\/vraum_002.jpg?resize=400%2C267&#038;ssl=1\" alt=\"\" data-id=\"465\" data-full-url=\"https:\/\/schuetzenverein-pegau.de\/wp-content\/uploads\/2020\/04\/vraum_002.jpg\" data-link=\"https:\/\/schuetzenverein-pegau.de\/?attachment_id=465\" class=\"wp-image-465\" srcset=\"https:\/\/i0.wp.com\/schuetzenverein-pegau.de\/wp-content\/uploads\/2020\/04\/vraum_002.jpg?w=400&amp;ssl=1 400w, https:\/\/i0.wp.com\/schuetzenverein-pegau.de\/wp-content\/uploads\/2020\/04\/vraum_002.jpg?resize=300%2C200&amp;ssl=1 300w\" sizes=\"auto, (max-width: 400px) 100vw, 400px\" \/><\/figure><\/li><li class=\"blocks-gallery-item\"><figure><img data-recalc-dims=\"1\" loading=\"lazy\" decoding=\"async\" width=\"400\" height=\"267\" src=\"https:\/\/i0.wp.com\/schuetzenverein-pegau.de\/wp-content\/uploads\/2020\/04\/vraum_004.jpg?resize=400%2C267&#038;ssl=1\" alt=\"\" data-id=\"467\" data-full-url=\"https:\/\/schuetzenverein-pegau.de\/wp-content\/uploads\/2020\/04\/vraum_004.jpg\" data-link=\"https:\/\/schuetzenverein-pegau.de\/?attachment_id=467\" class=\"wp-image-467\" srcset=\"https:\/\/i0.wp.com\/schuetzenverein-pegau.de\/wp-content\/uploads\/2020\/04\/vraum_004.jpg?w=400&amp;ssl=1 400w, https:\/\/i0.wp.com\/schuetzenverein-pegau.de\/wp-content\/uploads\/2020\/04\/vraum_004.jpg?resize=300%2C200&amp;ssl=1 300w\" sizes=\"auto, (max-width: 400px) 100vw, 400px\" \/><\/figure><\/li><li class=\"blocks-gallery-item\"><figure><img data-recalc-dims=\"1\" loading=\"lazy\" decoding=\"async\" width=\"400\" height=\"267\" src=\"https:\/\/i0.wp.com\/schuetzenverein-pegau.de\/wp-content\/uploads\/2020\/04\/vraum_006.jpg?resize=400%2C267&#038;ssl=1\" alt=\"\" data-id=\"469\" data-full-url=\"https:\/\/schuetzenverein-pegau.de\/wp-content\/uploads\/2020\/04\/vraum_006.jpg\" data-link=\"https:\/\/schuetzenverein-pegau.de\/?attachment_id=469\" class=\"wp-image-469\" srcset=\"https:\/\/i0.wp.com\/schuetzenverein-pegau.de\/wp-content\/uploads\/2020\/04\/vraum_006.jpg?w=400&amp;ssl=1 400w, https:\/\/i0.wp.com\/schuetzenverein-pegau.de\/wp-content\/uploads\/2020\/04\/vraum_006.jpg?resize=300%2C200&amp;ssl=1 300w\" sizes=\"auto, (max-width: 400px) 100vw, 400px\" \/><\/figure><\/li><li class=\"blocks-gallery-item\"><figure><img data-recalc-dims=\"1\" loading=\"lazy\" decoding=\"async\" width=\"400\" height=\"267\" src=\"https:\/\/i0.wp.com\/schuetzenverein-pegau.de\/wp-content\/uploads\/2020\/04\/vraum_007.jpg?resize=400%2C267&#038;ssl=1\" alt=\"\" data-id=\"470\" data-full-url=\"https:\/\/schuetzenverein-pegau.de\/wp-content\/uploads\/2020\/04\/vraum_007.jpg\" data-link=\"https:\/\/schuetzenverein-pegau.de\/?attachment_id=470\" class=\"wp-image-470\" srcset=\"https:\/\/i0.wp.com\/schuetzenverein-pegau.de\/wp-content\/uploads\/2020\/04\/vraum_007.jpg?w=400&amp;ssl=1 400w, https:\/\/i0.wp.com\/schuetzenverein-pegau.de\/wp-content\/uploads\/2020\/04\/vraum_007.jpg?resize=300%2C200&amp;ssl=1 300w\" sizes=\"auto, (max-width: 400px) 100vw, 400px\" \/><\/figure><\/li><li class=\"blocks-gallery-item\"><figure><img data-recalc-dims=\"1\" loading=\"lazy\" decoding=\"async\" width=\"266\" height=\"177\" src=\"https:\/\/i0.wp.com\/schuetzenverein-pegau.de\/wp-content\/uploads\/2020\/04\/vereinrklein_3.jpg?resize=266%2C177&#038;ssl=1\" alt=\"\" data-id=\"463\" data-full-url=\"https:\/\/schuetzenverein-pegau.de\/wp-content\/uploads\/2020\/04\/vereinrklein_3.jpg\" data-link=\"https:\/\/schuetzenverein-pegau.de\/?attachment_id=463\" class=\"wp-image-463\"\/><\/figure><\/li><\/ul><\/figure>\n","protected":false},"excerpt":{"rendered":"<p>Hier feieren wir unsere diversen Feste wie Neujahrsschie\u00dfen, Fr\u00fchjahrsschie\u00dfen usw. In diesem finden auch unsere monatlichen Versammlungen statt. Unser Vereinsraum mit seiner wundersch\u00f6nen Kreuzgew\u00f6lbedecke und seinen schmiedeeisernen Kronleuchtern bietet Platz bis zu 100 Personen.<\/p>\n","protected":false},"author":3,"featured_media":0,"parent":0,"menu_order":0,"comment_status":"closed","ping_status":"closed","template":"","meta":{"advanced_seo_description":"","jetpack_seo_html_title":"","jetpack_seo_noindex":false,"footnotes":""},"class_list":["post-241","page","type-page","status-publish","hentry"],"jetpack_sharing_enabled":true,"jetpack_likes_enabled":true,"_links":{"self":[{"href":"https:\/\/schuetzenverein-pegau.de\/index.php?rest_route=\/wp\/v2\/pages\/241","targetHints":{"allow":["GET"]}}],"collection":[{"href":"https:\/\/schuetzenverein-pegau.de\/index.php?rest_route=\/wp\/v2\/pages"}],"about":[{"href":"https:\/\/schuetzenverein-pegau.de\/index.php?rest_route=\/wp\/v2\/types\/page"}],"author":[{"embeddable":true,"href":"https:\/\/schuetzenverein-pegau.de\/index.php?rest_route=\/wp\/v2\/users\/3"}],"replies":[{"embeddable":true,"href":"https:\/\/schuetzenverein-pegau.de\/index.php?rest_route=%2Fwp%2Fv2%2Fcomments&post=241"}],"version-history":[{"count":5,"href":"https:\/\/schuetzenverein-pegau.de\/index.php?rest_route=\/wp\/v2\/pages\/241\/revisions"}],"predecessor-version":[{"id":798,"href":"https:\/\/schuetzenverein-pegau.de\/index.php?rest_route=\/wp\/v2\/pages\/241\/revisions\/798"}],"wp:attachment":[{"href":"https:\/\/schuetzenverein-pegau.de\/index.php?rest_route=%2Fwp%2Fv2%2Fmedia&parent=241"}],"curies":[{"name":"wp","href":"https:\/\/api.w.org\/{rel}","templated":true}]}}