{"id":235,"date":"2020-03-17T21:48:29","date_gmt":"2020-03-17T20:48:29","guid":{"rendered":"http:\/\/schuetzenverein-pegau.de\/?page_id=235"},"modified":"2020-04-05T14:47:16","modified_gmt":"2020-04-05T13:47:16","slug":"10m-druckluft-bahn","status":"publish","type":"page","link":"https:\/\/schuetzenverein-pegau.de\/?page_id=235","title":{"rendered":"10m Druckluftbahn"},"content":{"rendered":"\n<p> Unser Luftgewehrschie\u00dfstand, hier findet jeden Freitag ab 16:00 Uhr unser Jugendtraining statt.  Ab 12 Jahren k\u00f6nnen die Jugendlichen mit unseren Vereinsdruckluftwaffen schie\u00dfen. F\u00fcr unsere Kinder und Jugendlichen unter 12 Jahren besitzen wir auch eine Laseranlage mit der die &#8222;kleinen&#8220; schon an den Schie\u00dfsport herangef\u00fchrt werden k\u00f6nnen. <\/p>\n\n\n\n<p><strong>(Erlaubnis der&nbsp;Sorgeberechtigten vorausgesetzt)<\/strong><\/p>\n\n\n\n<figure class=\"wp-block-gallery columns-3 is-cropped wp-block-gallery-1 is-layout-flex wp-block-gallery-is-layout-flex\"><ul class=\"blocks-gallery-grid\"><li class=\"blocks-gallery-item\"><figure><img data-recalc-dims=\"1\" loading=\"lazy\" decoding=\"async\" width=\"265\" height=\"177\" src=\"https:\/\/i0.wp.com\/schuetzenverein-pegau.de\/wp-content\/uploads\/2020\/04\/10m2010_1.jpg?resize=265%2C177&#038;ssl=1\" alt=\"\" data-id=\"482\" data-full-url=\"https:\/\/schuetzenverein-pegau.de\/wp-content\/uploads\/2020\/04\/10m2010_1.jpg\" data-link=\"https:\/\/schuetzenverein-pegau.de\/?attachment_id=482\" class=\"wp-image-482\"\/><\/figure><\/li><li class=\"blocks-gallery-item\"><figure><img data-recalc-dims=\"1\" loading=\"lazy\" decoding=\"async\" width=\"266\" height=\"177\" src=\"https:\/\/i0.wp.com\/schuetzenverein-pegau.de\/wp-content\/uploads\/2020\/04\/10m2010_2.jpg?resize=266%2C177&#038;ssl=1\" alt=\"\" data-id=\"483\" data-full-url=\"https:\/\/schuetzenverein-pegau.de\/wp-content\/uploads\/2020\/04\/10m2010_2.jpg\" data-link=\"https:\/\/schuetzenverein-pegau.de\/?attachment_id=483\" class=\"wp-image-483\"\/><\/figure><\/li><li class=\"blocks-gallery-item\"><figure><img data-recalc-dims=\"1\" loading=\"lazy\" decoding=\"async\" width=\"266\" height=\"177\" src=\"https:\/\/i0.wp.com\/schuetzenverein-pegau.de\/wp-content\/uploads\/2020\/04\/10m2010_6.jpg?resize=266%2C177&#038;ssl=1\" alt=\"\" data-id=\"484\" data-full-url=\"https:\/\/schuetzenverein-pegau.de\/wp-content\/uploads\/2020\/04\/10m2010_6.jpg\" data-link=\"https:\/\/schuetzenverein-pegau.de\/?attachment_id=484\" class=\"wp-image-484\"\/><\/figure><\/li><li class=\"blocks-gallery-item\"><figure><img data-recalc-dims=\"1\" loading=\"lazy\" decoding=\"async\" width=\"266\" height=\"177\" src=\"https:\/\/i0.wp.com\/schuetzenverein-pegau.de\/wp-content\/uploads\/2020\/04\/10mneu08_2_kl.jpg?resize=266%2C177&#038;ssl=1\" alt=\"\" data-id=\"485\" data-full-url=\"https:\/\/schuetzenverein-pegau.de\/wp-content\/uploads\/2020\/04\/10mneu08_2_kl.jpg\" data-link=\"https:\/\/schuetzenverein-pegau.de\/?attachment_id=485\" class=\"wp-image-485\"\/><\/figure><\/li><li class=\"blocks-gallery-item\"><figure><img data-recalc-dims=\"1\" loading=\"lazy\" decoding=\"async\" width=\"266\" height=\"177\" src=\"https:\/\/i0.wp.com\/schuetzenverein-pegau.de\/wp-content\/uploads\/2020\/04\/10mneu08_7_kl.jpg?resize=266%2C177&#038;ssl=1\" alt=\"\" data-id=\"486\" data-full-url=\"https:\/\/schuetzenverein-pegau.de\/wp-content\/uploads\/2020\/04\/10mneu08_7_kl.jpg\" data-link=\"https:\/\/schuetzenverein-pegau.de\/?attachment_id=486\" class=\"wp-image-486\"\/><\/figure><\/li><li class=\"blocks-gallery-item\"><figure><img data-recalc-dims=\"1\" loading=\"lazy\" decoding=\"async\" width=\"236\" height=\"189\" src=\"https:\/\/i0.wp.com\/schuetzenverein-pegau.de\/wp-content\/uploads\/2020\/04\/10mstandklein.jpg?resize=236%2C189&#038;ssl=1\" alt=\"\" data-id=\"487\" data-full-url=\"https:\/\/schuetzenverein-pegau.de\/wp-content\/uploads\/2020\/04\/10mstandklein.jpg\" data-link=\"https:\/\/schuetzenverein-pegau.de\/?attachment_id=487\" class=\"wp-image-487\"\/><\/figure><\/li><\/ul><\/figure>\n\n\n\n<div style=\"height:40px\" aria-hidden=\"true\" class=\"wp-block-spacer\"><\/div>\n\n\n\n<p class=\"has-small-font-size\">Den Anweisungen der Stand &#8211; Aufsicht ist unbedingt Folge zu leisten.<\/p>\n\n\n\n<p class=\"has-small-font-size\"><span class=\"has-inline-color has-vivid-red-color\">Angetrunkene Personen werden nicht zum Schie\u00dfen zugelassen.<\/span><\/p>\n","protected":false},"excerpt":{"rendered":"<p>Unser Luftgewehrschie\u00dfstand, hier findet jeden Freitag ab 16:00 Uhr unser Jugendtraining statt. Ab 12 Jahren k\u00f6nnen die Jugendlichen mit unseren Vereinsdruckluftwaffen schie\u00dfen. F\u00fcr unsere Kinder und Jugendlichen unter 12 Jahren besitzen wir auch eine Laseranlage mit der die &#8222;kleinen&#8220; schon an den Schie\u00dfsport herangef\u00fchrt werden k\u00f6nnen. (Erlaubnis der&nbsp;Sorgeberechtigten vorausgesetzt) Den Anweisungen der Stand &#8211; Aufsicht &hellip; <\/p>\n<p class=\"link-more\"><a href=\"https:\/\/schuetzenverein-pegau.de\/?page_id=235\" class=\"more-link\"><span class=\"screen-reader-text\">\u201e10m Druckluftbahn\u201c <\/span>weiterlesen<\/a><\/p>\n","protected":false},"author":3,"featured_media":0,"parent":0,"menu_order":0,"comment_status":"closed","ping_status":"closed","template":"","meta":{"advanced_seo_description":"","jetpack_seo_html_title":"","jetpack_seo_noindex":false,"footnotes":""},"class_list":["post-235","page","type-page","status-publish","hentry"],"jetpack_sharing_enabled":true,"jetpack_likes_enabled":true,"_links":{"self":[{"href":"https:\/\/schuetzenverein-pegau.de\/index.php?rest_route=\/wp\/v2\/pages\/235","targetHints":{"allow":["GET"]}}],"collection":[{"href":"https:\/\/schuetzenverein-pegau.de\/index.php?rest_route=\/wp\/v2\/pages"}],"about":[{"href":"https:\/\/schuetzenverein-pegau.de\/index.php?rest_route=\/wp\/v2\/types\/page"}],"author":[{"embeddable":true,"href":"https:\/\/schuetzenverein-pegau.de\/index.php?rest_route=\/wp\/v2\/users\/3"}],"replies":[{"embeddable":true,"href":"https:\/\/schuetzenverein-pegau.de\/index.php?rest_route=%2Fwp%2Fv2%2Fcomments&post=235"}],"version-history":[{"count":5,"href":"https:\/\/schuetzenverein-pegau.de\/index.php?rest_route=\/wp\/v2\/pages\/235\/revisions"}],"predecessor-version":[{"id":499,"href":"https:\/\/schuetzenverein-pegau.de\/index.php?rest_route=\/wp\/v2\/pages\/235\/revisions\/499"}],"wp:attachment":[{"href":"https:\/\/schuetzenverein-pegau.de\/index.php?rest_route=%2Fwp%2Fv2%2Fmedia&parent=235"}],"curies":[{"name":"wp","href":"https:\/\/api.w.org\/{rel}","templated":true}]}}