{"id":231,"date":"2020-03-17T21:47:36","date_gmt":"2020-03-17T20:47:36","guid":{"rendered":"http:\/\/schuetzenverein-pegau.de\/?page_id=231"},"modified":"2020-05-22T11:53:19","modified_gmt":"2020-05-22T10:53:19","slug":"50m-bahnschiessbahn","status":"publish","type":"page","link":"https:\/\/schuetzenverein-pegau.de\/?page_id=231","title":{"rendered":"50m Schie\u00dfbahn"},"content":{"rendered":"\n<p>Unsere 50m Schie\u00dfbahn f\u00fcr Kleinkaliberkurz und Kleinkaliberlang Sportwaffen mit bis zu 200 Joule zum trainieren auf 3 Seilzugbahnen. Diese Bahn ist so gebaut das hier auch f\u00fcr die 3 Stellungsk\u00e4mpfe (kniend\/liegend\/stehend) ge\u00fcbt werden kann.<\/p>\n\n\n\n<p>Auch auf dieser Anlage d\u00fcrfen unsere Jugendlichen ab 14 Jahren und dem Einverst\u00e4ndnis der Sorgeberechtigten mit Kleinkaliber Vereinssportwaffen trainieren.<\/p>\n\n\n\n<figure class=\"wp-block-gallery columns-3 is-cropped wp-block-gallery-1 is-layout-flex wp-block-gallery-is-layout-flex\"><ul class=\"blocks-gallery-grid\"><li class=\"blocks-gallery-item\"><figure><img data-recalc-dims=\"1\" loading=\"lazy\" decoding=\"async\" width=\"236\" height=\"177\" src=\"https:\/\/i0.wp.com\/schuetzenverein-pegau.de\/wp-content\/uploads\/2020\/04\/50mbahn11.jpg?resize=236%2C177&#038;ssl=1\" alt=\"\" data-id=\"514\" data-full-url=\"https:\/\/schuetzenverein-pegau.de\/wp-content\/uploads\/2020\/04\/50mbahn11.jpg\" data-link=\"https:\/\/schuetzenverein-pegau.de\/?attachment_id=514\" class=\"wp-image-514\"\/><\/figure><\/li><li class=\"blocks-gallery-item\"><figure><img data-recalc-dims=\"1\" loading=\"lazy\" decoding=\"async\" width=\"236\" height=\"177\" src=\"https:\/\/i0.wp.com\/schuetzenverein-pegau.de\/wp-content\/uploads\/2020\/04\/50mbahn12.jpg?resize=236%2C177&#038;ssl=1\" alt=\"\" data-id=\"515\" data-full-url=\"https:\/\/schuetzenverein-pegau.de\/wp-content\/uploads\/2020\/04\/50mbahn12.jpg\" data-link=\"https:\/\/schuetzenverein-pegau.de\/?attachment_id=515\" class=\"wp-image-515\"\/><\/figure><\/li><li class=\"blocks-gallery-item\"><figure><img data-recalc-dims=\"1\" loading=\"lazy\" decoding=\"async\" width=\"236\" height=\"177\" src=\"https:\/\/i0.wp.com\/schuetzenverein-pegau.de\/wp-content\/uploads\/2020\/04\/50mbahn14.jpg?resize=236%2C177&#038;ssl=1\" alt=\"\" data-id=\"516\" data-full-url=\"https:\/\/schuetzenverein-pegau.de\/wp-content\/uploads\/2020\/04\/50mbahn14.jpg\" data-link=\"https:\/\/schuetzenverein-pegau.de\/?attachment_id=516\" class=\"wp-image-516\"\/><\/figure><\/li><li class=\"blocks-gallery-item\"><figure><img data-recalc-dims=\"1\" loading=\"lazy\" decoding=\"async\" width=\"236\" height=\"177\" src=\"https:\/\/i0.wp.com\/schuetzenverein-pegau.de\/wp-content\/uploads\/2020\/04\/50mbahn16.jpg?resize=236%2C177&#038;ssl=1\" alt=\"\" data-id=\"517\" data-full-url=\"https:\/\/schuetzenverein-pegau.de\/wp-content\/uploads\/2020\/04\/50mbahn16.jpg\" data-link=\"https:\/\/schuetzenverein-pegau.de\/?attachment_id=517\" class=\"wp-image-517\"\/><\/figure><\/li><li class=\"blocks-gallery-item\"><figure><img data-recalc-dims=\"1\" loading=\"lazy\" decoding=\"async\" width=\"236\" height=\"177\" src=\"https:\/\/i0.wp.com\/schuetzenverein-pegau.de\/wp-content\/uploads\/2020\/04\/50mbahn17.jpg?resize=236%2C177&#038;ssl=1\" alt=\"\" data-id=\"518\" data-full-url=\"https:\/\/schuetzenverein-pegau.de\/wp-content\/uploads\/2020\/04\/50mbahn17.jpg\" data-link=\"https:\/\/schuetzenverein-pegau.de\/?attachment_id=518\" class=\"wp-image-518\"\/><\/figure><\/li><li class=\"blocks-gallery-item\"><figure><img data-recalc-dims=\"1\" loading=\"lazy\" decoding=\"async\" width=\"236\" height=\"177\" src=\"https:\/\/i0.wp.com\/schuetzenverein-pegau.de\/wp-content\/uploads\/2020\/04\/50mbahn19.jpg?resize=236%2C177&#038;ssl=1\" alt=\"\" data-id=\"519\" data-full-url=\"https:\/\/schuetzenverein-pegau.de\/wp-content\/uploads\/2020\/04\/50mbahn19.jpg\" data-link=\"https:\/\/schuetzenverein-pegau.de\/?attachment_id=519\" class=\"wp-image-519\"\/><\/figure><\/li><\/ul><\/figure>\n\n\n\n<div style=\"height:40px\" aria-hidden=\"true\" class=\"wp-block-spacer\"><\/div>\n\n\n\n<p class=\"has-small-font-size\">Den Anweisungen der Stand &#8211; Aufsicht ist unbedingt Folge zu leisten.<\/p>\n\n\n\n<p class=\"has-small-font-size\"><span class=\"has-inline-color has-vivid-red-color\">Angetrunkene Personen werden nicht zum Schie\u00dfen zugelassen.<\/span><\/p>\n","protected":false},"excerpt":{"rendered":"<p>Unsere 50m Schie\u00dfbahn f\u00fcr Kleinkaliberkurz und Kleinkaliberlang Sportwaffen mit bis zu 200 Joule zum trainieren auf 3 Seilzugbahnen. Diese Bahn ist so gebaut das hier auch f\u00fcr die 3 Stellungsk\u00e4mpfe (kniend\/liegend\/stehend) ge\u00fcbt werden kann. Auch auf dieser Anlage d\u00fcrfen unsere Jugendlichen ab 14 Jahren und dem Einverst\u00e4ndnis der Sorgeberechtigten mit Kleinkaliber Vereinssportwaffen trainieren. Den Anweisungen &hellip; <\/p>\n<p class=\"link-more\"><a href=\"https:\/\/schuetzenverein-pegau.de\/?page_id=231\" class=\"more-link\"><span class=\"screen-reader-text\">\u201e50m Schie\u00dfbahn\u201c <\/span>weiterlesen<\/a><\/p>\n","protected":false},"author":3,"featured_media":0,"parent":0,"menu_order":0,"comment_status":"closed","ping_status":"closed","template":"","meta":{"advanced_seo_description":"","jetpack_seo_html_title":"","jetpack_seo_noindex":false,"footnotes":""},"class_list":["post-231","page","type-page","status-publish","hentry"],"jetpack_sharing_enabled":true,"jetpack_likes_enabled":true,"_links":{"self":[{"href":"https:\/\/schuetzenverein-pegau.de\/index.php?rest_route=\/wp\/v2\/pages\/231","targetHints":{"allow":["GET"]}}],"collection":[{"href":"https:\/\/schuetzenverein-pegau.de\/index.php?rest_route=\/wp\/v2\/pages"}],"about":[{"href":"https:\/\/schuetzenverein-pegau.de\/index.php?rest_route=\/wp\/v2\/types\/page"}],"author":[{"embeddable":true,"href":"https:\/\/schuetzenverein-pegau.de\/index.php?rest_route=\/wp\/v2\/users\/3"}],"replies":[{"embeddable":true,"href":"https:\/\/schuetzenverein-pegau.de\/index.php?rest_route=%2Fwp%2Fv2%2Fcomments&post=231"}],"version-history":[{"count":8,"href":"https:\/\/schuetzenverein-pegau.de\/index.php?rest_route=\/wp\/v2\/pages\/231\/revisions"}],"predecessor-version":[{"id":802,"href":"https:\/\/schuetzenverein-pegau.de\/index.php?rest_route=\/wp\/v2\/pages\/231\/revisions\/802"}],"wp:attachment":[{"href":"https:\/\/schuetzenverein-pegau.de\/index.php?rest_route=%2Fwp%2Fv2%2Fmedia&parent=231"}],"curies":[{"name":"wp","href":"https:\/\/api.w.org\/{rel}","templated":true}]}}