{"id":228,"date":"2020-03-17T21:47:07","date_gmt":"2020-03-17T20:47:07","guid":{"rendered":"http:\/\/schuetzenverein-pegau.de\/?page_id=228"},"modified":"2020-05-22T11:55:13","modified_gmt":"2020-05-22T10:55:13","slug":"25m-bahn","status":"publish","type":"page","link":"https:\/\/schuetzenverein-pegau.de\/?page_id=228","title":{"rendered":"25m Schie\u00dfbahn"},"content":{"rendered":"\n<p>Unsere 25m Schie\u00dfbahn, hier k\u00f6nnen wir mit Gro\u00dfkaliberkurz und Kleinkaliber sowie Schwarzpulver mit bis zu 1500 Joule trainieren.<\/p>\n\n\n\n<p>Seit Anfang  2020  k\u00f6nnen unsere Wettkampfsch\u00fctzen auf einer neuen 4 Bahn Drehscheiben Anlage trainieren.<\/p>\n\n\n\n<p>Auch auf dieser Anlage d\u00fcrfen unsere Jugendlichen ab 14 Jahren und dem Einverst\u00e4ndnis der Sorgeberechtigten mit Kleinkaliber Vereinssportwaffen trainieren.<\/p>\n\n\n\n<figure class=\"wp-block-gallery columns-3 is-cropped wp-block-gallery-1 is-layout-flex wp-block-gallery-is-layout-flex\"><ul class=\"blocks-gallery-grid\"><li class=\"blocks-gallery-item\"><figure><img data-recalc-dims=\"1\" loading=\"lazy\" decoding=\"async\" width=\"236\" height=\"157\" src=\"https:\/\/i0.wp.com\/schuetzenverein-pegau.de\/wp-content\/uploads\/2020\/04\/25mbahn1.jpg?resize=236%2C157&#038;ssl=1\" alt=\"\" data-id=\"507\" data-full-url=\"https:\/\/schuetzenverein-pegau.de\/wp-content\/uploads\/2020\/04\/25mbahn1.jpg\" data-link=\"https:\/\/schuetzenverein-pegau.de\/?attachment_id=507\" class=\"wp-image-507\"\/><\/figure><\/li><li class=\"blocks-gallery-item\"><figure><img data-recalc-dims=\"1\" loading=\"lazy\" decoding=\"async\" width=\"266\" height=\"177\" src=\"https:\/\/i0.wp.com\/schuetzenverein-pegau.de\/wp-content\/uploads\/2020\/04\/25mbahn2.jpg?resize=266%2C177&#038;ssl=1\" alt=\"\" data-id=\"508\" data-full-url=\"https:\/\/schuetzenverein-pegau.de\/wp-content\/uploads\/2020\/04\/25mbahn2.jpg\" data-link=\"https:\/\/schuetzenverein-pegau.de\/?attachment_id=508\" class=\"wp-image-508\"\/><\/figure><\/li><li class=\"blocks-gallery-item\"><figure><img data-recalc-dims=\"1\" loading=\"lazy\" decoding=\"async\" width=\"236\" height=\"157\" src=\"https:\/\/i0.wp.com\/schuetzenverein-pegau.de\/wp-content\/uploads\/2020\/04\/25mbahn3.jpg?resize=236%2C157&#038;ssl=1\" alt=\"\" data-id=\"509\" data-full-url=\"https:\/\/schuetzenverein-pegau.de\/wp-content\/uploads\/2020\/04\/25mbahn3.jpg\" data-link=\"https:\/\/schuetzenverein-pegau.de\/?attachment_id=509\" class=\"wp-image-509\"\/><\/figure><\/li><li class=\"blocks-gallery-item\"><figure><img data-recalc-dims=\"1\" loading=\"lazy\" decoding=\"async\" width=\"266\" height=\"177\" src=\"https:\/\/i0.wp.com\/schuetzenverein-pegau.de\/wp-content\/uploads\/2020\/04\/25mbahn8.jpg?resize=266%2C177&#038;ssl=1\" alt=\"\" data-id=\"510\" data-full-url=\"https:\/\/schuetzenverein-pegau.de\/wp-content\/uploads\/2020\/04\/25mbahn8.jpg\" data-link=\"https:\/\/schuetzenverein-pegau.de\/?attachment_id=510\" class=\"wp-image-510\"\/><\/figure><\/li><li class=\"blocks-gallery-item\"><figure><img data-recalc-dims=\"1\" loading=\"lazy\" decoding=\"async\" width=\"266\" height=\"177\" src=\"https:\/\/i0.wp.com\/schuetzenverein-pegau.de\/wp-content\/uploads\/2020\/04\/25mbahn9.jpg?resize=266%2C177&#038;ssl=1\" alt=\"\" data-id=\"511\" data-full-url=\"https:\/\/schuetzenverein-pegau.de\/wp-content\/uploads\/2020\/04\/25mbahn9.jpg\" data-link=\"https:\/\/schuetzenverein-pegau.de\/?attachment_id=511\" class=\"wp-image-511\"\/><\/figure><\/li><li class=\"blocks-gallery-item\"><figure><img data-recalc-dims=\"1\" loading=\"lazy\" decoding=\"async\" width=\"266\" height=\"177\" src=\"https:\/\/i0.wp.com\/schuetzenverein-pegau.de\/wp-content\/uploads\/2020\/04\/25mbahn13.jpg?resize=266%2C177&#038;ssl=1\" alt=\"\" data-id=\"512\" data-full-url=\"https:\/\/schuetzenverein-pegau.de\/wp-content\/uploads\/2020\/04\/25mbahn13.jpg\" data-link=\"https:\/\/schuetzenverein-pegau.de\/?attachment_id=512\" class=\"wp-image-512\"\/><\/figure><\/li><\/ul><\/figure>\n\n\n\n<p>Seit Anfang des Jahres 2020 k\u00f6nnen unsere Sch\u00fctzen auf  unserer neuen 4 Bahn Drehscheibenanlage trainieren.<\/p>\n\n\n\n<figure class=\"wp-block-gallery columns-2 is-cropped wp-block-gallery-2 is-layout-flex wp-block-gallery-is-layout-flex\"><ul class=\"blocks-gallery-grid\"><li class=\"blocks-gallery-item\"><figure><img data-recalc-dims=\"1\" loading=\"lazy\" decoding=\"async\" width=\"525\" height=\"394\" src=\"https:\/\/i0.wp.com\/schuetzenverein-pegau.de\/wp-content\/uploads\/2020\/05\/IMG_7826-1.jpg?resize=525%2C394&#038;ssl=1\" alt=\"\" data-id=\"769\" data-full-url=\"https:\/\/schuetzenverein-pegau.de\/wp-content\/uploads\/2020\/05\/IMG_7826-1.jpg\" data-link=\"https:\/\/schuetzenverein-pegau.de\/?attachment_id=769\" class=\"wp-image-769\" srcset=\"https:\/\/i0.wp.com\/schuetzenverein-pegau.de\/wp-content\/uploads\/2020\/05\/IMG_7826-1.jpg?w=1024&amp;ssl=1 1024w, https:\/\/i0.wp.com\/schuetzenverein-pegau.de\/wp-content\/uploads\/2020\/05\/IMG_7826-1.jpg?resize=300%2C225&amp;ssl=1 300w, https:\/\/i0.wp.com\/schuetzenverein-pegau.de\/wp-content\/uploads\/2020\/05\/IMG_7826-1.jpg?resize=768%2C576&amp;ssl=1 768w\" sizes=\"auto, (max-width: 767px) 89vw, (max-width: 1000px) 54vw, (max-width: 1071px) 543px, 580px\" \/><\/figure><\/li><li class=\"blocks-gallery-item\"><figure><img data-recalc-dims=\"1\" loading=\"lazy\" decoding=\"async\" width=\"525\" height=\"394\" src=\"https:\/\/i0.wp.com\/schuetzenverein-pegau.de\/wp-content\/uploads\/2020\/05\/IMG_7831a.jpg?resize=525%2C394&#038;ssl=1\" alt=\"\" data-id=\"771\" data-full-url=\"https:\/\/schuetzenverein-pegau.de\/wp-content\/uploads\/2020\/05\/IMG_7831a.jpg\" data-link=\"https:\/\/schuetzenverein-pegau.de\/?attachment_id=771\" class=\"wp-image-771\" srcset=\"https:\/\/i0.wp.com\/schuetzenverein-pegau.de\/wp-content\/uploads\/2020\/05\/IMG_7831a.jpg?w=1024&amp;ssl=1 1024w, https:\/\/i0.wp.com\/schuetzenverein-pegau.de\/wp-content\/uploads\/2020\/05\/IMG_7831a.jpg?resize=300%2C225&amp;ssl=1 300w, https:\/\/i0.wp.com\/schuetzenverein-pegau.de\/wp-content\/uploads\/2020\/05\/IMG_7831a.jpg?resize=768%2C576&amp;ssl=1 768w\" sizes=\"auto, (max-width: 767px) 89vw, (max-width: 1000px) 54vw, (max-width: 1071px) 543px, 580px\" \/><\/figure><\/li><\/ul><\/figure>\n\n\n\n<div style=\"height:40px\" aria-hidden=\"true\" class=\"wp-block-spacer\"><\/div>\n\n\n\n<p class=\"has-small-font-size\">Den Anweisungen der Stand &#8211; Aufsicht ist unbedingt Folge zu leisten.<\/p>\n\n\n\n<p class=\"has-small-font-size\"><span class=\"has-inline-color has-vivid-red-color\">Angetrunkene Personen werden nicht zum Schie\u00dfen zugelassen.<\/span><\/p>\n","protected":false},"excerpt":{"rendered":"<p>Unsere 25m Schie\u00dfbahn, hier k\u00f6nnen wir mit Gro\u00dfkaliberkurz und Kleinkaliber sowie Schwarzpulver mit bis zu 1500 Joule trainieren. Seit Anfang 2020 k\u00f6nnen unsere Wettkampfsch\u00fctzen auf einer neuen 4 Bahn Drehscheiben Anlage trainieren. Auch auf dieser Anlage d\u00fcrfen unsere Jugendlichen ab 14 Jahren und dem Einverst\u00e4ndnis der Sorgeberechtigten mit Kleinkaliber Vereinssportwaffen trainieren. Seit Anfang des Jahres &hellip; <\/p>\n<p class=\"link-more\"><a href=\"https:\/\/schuetzenverein-pegau.de\/?page_id=228\" class=\"more-link\"><span class=\"screen-reader-text\">\u201e25m Schie\u00dfbahn\u201c <\/span>weiterlesen<\/a><\/p>\n","protected":false},"author":3,"featured_media":0,"parent":0,"menu_order":0,"comment_status":"closed","ping_status":"closed","template":"","meta":{"advanced_seo_description":"","jetpack_seo_html_title":"","jetpack_seo_noindex":false,"footnotes":""},"class_list":["post-228","page","type-page","status-publish","hentry"],"jetpack_sharing_enabled":true,"jetpack_likes_enabled":true,"_links":{"self":[{"href":"https:\/\/schuetzenverein-pegau.de\/index.php?rest_route=\/wp\/v2\/pages\/228","targetHints":{"allow":["GET"]}}],"collection":[{"href":"https:\/\/schuetzenverein-pegau.de\/index.php?rest_route=\/wp\/v2\/pages"}],"about":[{"href":"https:\/\/schuetzenverein-pegau.de\/index.php?rest_route=\/wp\/v2\/types\/page"}],"author":[{"embeddable":true,"href":"https:\/\/schuetzenverein-pegau.de\/index.php?rest_route=\/wp\/v2\/users\/3"}],"replies":[{"embeddable":true,"href":"https:\/\/schuetzenverein-pegau.de\/index.php?rest_route=%2Fwp%2Fv2%2Fcomments&post=228"}],"version-history":[{"count":8,"href":"https:\/\/schuetzenverein-pegau.de\/index.php?rest_route=\/wp\/v2\/pages\/228\/revisions"}],"predecessor-version":[{"id":803,"href":"https:\/\/schuetzenverein-pegau.de\/index.php?rest_route=\/wp\/v2\/pages\/228\/revisions\/803"}],"wp:attachment":[{"href":"https:\/\/schuetzenverein-pegau.de\/index.php?rest_route=%2Fwp%2Fv2%2Fmedia&parent=228"}],"curies":[{"name":"wp","href":"https:\/\/api.w.org\/{rel}","templated":true}]}}