{"id":224,"date":"2020-03-17T21:45:21","date_gmt":"2020-03-17T20:45:21","guid":{"rendered":"http:\/\/schuetzenverein-pegau.de\/?page_id=224"},"modified":"2020-03-17T21:52:26","modified_gmt":"2020-03-17T20:52:26","slug":"anfahrt","status":"publish","type":"page","link":"https:\/\/schuetzenverein-pegau.de\/?page_id=224","title":{"rendered":"Anfahrt"},"content":{"rendered":"\n<p> So finden Sie uns:<\/p>\n\n\n\n<p>Am Ortseingang von Pegau fahren Sie \u00fcber die Leipziger Vorstadt weiter durch die Leipziger Stra\u00dfe.<\/p>\n\n\n\n<p>Auf dem Martin Luther Platz biegen Sie rechts ab in die M\u00fchlgasse und folgen dieser bis zur Ernst &#8211; Reinsdorf &#8211; Stra\u00dfe. <\/p>\n\n\n\n<p>Das &#8222;Neue Sch\u00fctzenhaus&#8220; liegt gegen\u00fcber der Pegauer Grund- und Mittelschule und grenzt an die Sporthalle &#8222;Filze&#8220;. <\/p>\n\n\n\n<p>Der Eingang befindet sich &#8222;An der Unterm\u00fchle 1&#8220;.<\/p>\n\n\n\n<figure class=\"wp-block-image size-large\"><img data-recalc-dims=\"1\" loading=\"lazy\" decoding=\"async\" width=\"525\" height=\"350\" src=\"https:\/\/i0.wp.com\/schuetzenverein-pegau.de\/wp-content\/uploads\/2020\/03\/Anfahrt_Schuetzen.jpg?resize=525%2C350&#038;ssl=1\" alt=\"\" class=\"wp-image-225\" srcset=\"https:\/\/i0.wp.com\/schuetzenverein-pegau.de\/wp-content\/uploads\/2020\/03\/Anfahrt_Schuetzen.jpg?w=600&amp;ssl=1 600w, https:\/\/i0.wp.com\/schuetzenverein-pegau.de\/wp-content\/uploads\/2020\/03\/Anfahrt_Schuetzen.jpg?resize=300%2C200&amp;ssl=1 300w\" sizes=\"auto, (max-width: 525px) 100vw, 525px\" \/><\/figure>\n","protected":false},"excerpt":{"rendered":"<p>So finden Sie uns: Am Ortseingang von Pegau fahren Sie \u00fcber die Leipziger Vorstadt weiter durch die Leipziger Stra\u00dfe. Auf dem Martin Luther Platz biegen Sie rechts ab in die M\u00fchlgasse und folgen dieser bis zur Ernst &#8211; Reinsdorf &#8211; Stra\u00dfe. Das &#8222;Neue Sch\u00fctzenhaus&#8220; liegt gegen\u00fcber der Pegauer Grund- und Mittelschule und grenzt an die &hellip; <\/p>\n<p class=\"link-more\"><a href=\"https:\/\/schuetzenverein-pegau.de\/?page_id=224\" class=\"more-link\"><span class=\"screen-reader-text\">\u201eAnfahrt\u201c <\/span>weiterlesen<\/a><\/p>\n","protected":false},"author":3,"featured_media":0,"parent":0,"menu_order":0,"comment_status":"closed","ping_status":"closed","template":"","meta":{"advanced_seo_description":"","jetpack_seo_html_title":"","jetpack_seo_noindex":false,"footnotes":""},"class_list":["post-224","page","type-page","status-publish","hentry"],"jetpack_sharing_enabled":true,"jetpack_likes_enabled":true,"_links":{"self":[{"href":"https:\/\/schuetzenverein-pegau.de\/index.php?rest_route=\/wp\/v2\/pages\/224","targetHints":{"allow":["GET"]}}],"collection":[{"href":"https:\/\/schuetzenverein-pegau.de\/index.php?rest_route=\/wp\/v2\/pages"}],"about":[{"href":"https:\/\/schuetzenverein-pegau.de\/index.php?rest_route=\/wp\/v2\/types\/page"}],"author":[{"embeddable":true,"href":"https:\/\/schuetzenverein-pegau.de\/index.php?rest_route=\/wp\/v2\/users\/3"}],"replies":[{"embeddable":true,"href":"https:\/\/schuetzenverein-pegau.de\/index.php?rest_route=%2Fwp%2Fv2%2Fcomments&post=224"}],"version-history":[{"count":2,"href":"https:\/\/schuetzenverein-pegau.de\/index.php?rest_route=\/wp\/v2\/pages\/224\/revisions"}],"predecessor-version":[{"id":247,"href":"https:\/\/schuetzenverein-pegau.de\/index.php?rest_route=\/wp\/v2\/pages\/224\/revisions\/247"}],"wp:attachment":[{"href":"https:\/\/schuetzenverein-pegau.de\/index.php?rest_route=%2Fwp%2Fv2%2Fmedia&parent=224"}],"curies":[{"name":"wp","href":"https:\/\/api.w.org\/{rel}","templated":true}]}}