{"id":200,"date":"2020-03-17T20:04:54","date_gmt":"2020-03-17T19:04:54","guid":{"rendered":"http:\/\/schuetzenverein-pegau.de\/?page_id=200"},"modified":"2020-04-05T14:13:26","modified_gmt":"2020-04-05T13:13:26","slug":"unser-schuetzenhaus-2","status":"publish","type":"page","link":"https:\/\/schuetzenverein-pegau.de\/?page_id=200","title":{"rendered":"Unser Sch\u00fctzenhaus"},"content":{"rendered":"\n<p><a href=\"https:\/\/schuetzenverein-pegau.de\/?page_id=193\">\u00d6ffnungszeiten<\/a><\/p>\n\n\n\n<p><a href=\"https:\/\/schuetzenverein-pegau.de\/?page_id=211\">Historisches<\/a><\/p>\n\n\n\n<p><a href=\"https:\/\/schuetzenverein-pegau.de\/?page_id=432\">Umbau<\/a><\/p>\n\n\n\n<p><a href=\"https:\/\/schuetzenverein-pegau.de\/?page_id=193\">Sch\u00fctzenhaus<\/a><\/p>\n\n\n\n<p><a href=\"https:\/\/schuetzenverein-pegau.de\/?page_id=241\">Vereinsraum<\/a><\/p>\n\n\n\n<p><a href=\"https:\/\/schuetzenverein-pegau.de\/?page_id=203\">Bogenschie\u00dfanlage<\/a><\/p>\n\n\n\n<p><a href=\"https:\/\/schuetzenverein-pegau.de\/?page_id=235\">10m Druckluftbahn<\/a><\/p>\n\n\n\n<p><a href=\"https:\/\/schuetzenverein-pegau.de\/?page_id=238\">10m Armbrustbahn<\/a><\/p>\n\n\n\n<p><a href=\"https:\/\/schuetzenverein-pegau.de\/?page_id=228\">25m Schie\u00dfbahn<\/a><\/p>\n\n\n\n<p><a href=\"https:\/\/schuetzenverein-pegau.de\/?page_id=231\">50m Schie\u00dfbahn<\/a><\/p>\n\n\n\n<p><a href=\"https:\/\/schuetzenverein-pegau.de\/?page_id=244\">Jugendraum<\/a><\/p>\n\n\n\n<p><a href=\"https:\/\/schuetzenverein-pegau.de\/?page_id=224\">Anfahrt<\/a><\/p>\n","protected":false},"excerpt":{"rendered":"<p>\u00d6ffnungszeiten Historisches Umbau Sch\u00fctzenhaus Vereinsraum Bogenschie\u00dfanlage 10m Druckluftbahn 10m Armbrustbahn 25m Schie\u00dfbahn 50m Schie\u00dfbahn Jugendraum Anfahrt<\/p>\n","protected":false},"author":3,"featured_media":0,"parent":0,"menu_order":0,"comment_status":"closed","ping_status":"closed","template":"","meta":{"advanced_seo_description":"","jetpack_seo_html_title":"","jetpack_seo_noindex":false,"footnotes":""},"class_list":["post-200","page","type-page","status-publish","hentry"],"jetpack_sharing_enabled":true,"jetpack_likes_enabled":true,"_links":{"self":[{"href":"https:\/\/schuetzenverein-pegau.de\/index.php?rest_route=\/wp\/v2\/pages\/200","targetHints":{"allow":["GET"]}}],"collection":[{"href":"https:\/\/schuetzenverein-pegau.de\/index.php?rest_route=\/wp\/v2\/pages"}],"about":[{"href":"https:\/\/schuetzenverein-pegau.de\/index.php?rest_route=\/wp\/v2\/types\/page"}],"author":[{"embeddable":true,"href":"https:\/\/schuetzenverein-pegau.de\/index.php?rest_route=\/wp\/v2\/users\/3"}],"replies":[{"embeddable":true,"href":"https:\/\/schuetzenverein-pegau.de\/index.php?rest_route=%2Fwp%2Fv2%2Fcomments&post=200"}],"version-history":[{"count":6,"href":"https:\/\/schuetzenverein-pegau.de\/index.php?rest_route=\/wp\/v2\/pages\/200\/revisions"}],"predecessor-version":[{"id":460,"href":"https:\/\/schuetzenverein-pegau.de\/index.php?rest_route=\/wp\/v2\/pages\/200\/revisions\/460"}],"wp:attachment":[{"href":"https:\/\/schuetzenverein-pegau.de\/index.php?rest_route=%2Fwp%2Fv2%2Fmedia&parent=200"}],"curies":[{"name":"wp","href":"https:\/\/api.w.org\/{rel}","templated":true}]}}